{"id":17,"date":"2025-12-10T13:49:41","date_gmt":"2025-12-10T13:49:41","guid":{"rendered":"https:\/\/domaine-anstotz.fr\/?page_id=17"},"modified":"2025-12-11T08:37:14","modified_gmt":"2025-12-11T08:37:14","slug":"cremants","status":"publish","type":"page","link":"http:\/\/domaine-anstotz.fr\/index.php\/cremants\/","title":{"rendered":"CREMANTS"},"content":{"rendered":"\n<h2 class=\"wp-block-heading has-luminous-vivid-orange-color has-text-color has-link-color wp-elements-8754d96072ff3a9e4c9ca967aebb3843\"><strong>\u00ab&nbsp;<\/strong><strong><em>Vins de f\u00eate vinifi\u00e9s en m\u00e9thode traditionnelle<\/em><\/strong><strong>.&nbsp;\u00bb<\/strong><\/h2>\n\n\n\n<p class=\"has-text-color has-link-color wp-elements-fb24a552574721567f84635c6dcc899c\" style=\"color:#101074\"><strong>Cr\u00e9mant d\u2019Alsace<\/strong><\/p>\n\n\n\n<p>C\u2019est un assemblage de trois c\u00e9pages&nbsp;: Le Pinot Blanc \u00e0 70 % qui constitue le corps de ce vin&nbsp;et la finesse des bulles, le Riesling \u00e0 20% qui conf\u00e8re la puissance en bouche et le Pinot Gris \u00e0 10% qui lui conf\u00e8re le fruit\u00e9 au nez.<br>C\u2019est un vin de f\u00eate id\u00e9al \u00e0 l\u2019ap\u00e9ritif mais il est aussi tr\u00e8s agr\u00e9able en fin de repas avec un dessert.<\/p>\n\n\n\n<p class=\"has-text-color has-link-color wp-elements-2102f8232bee26e6dfaf0e3302c7412f\" style=\"color:#101074\"><strong>Cr\u00e9mant d\u2019Alsace Ros\u00e9<\/strong><\/p>\n\n\n\n<p>100% Pinot Noir; les bulles sont fines et pr\u00e9sentes. Le Pinot Noir apporte des notes de petits fruits rouges et une couleur saumon\u00e9e tr\u00e8s appr\u00e9ci\u00e9e lors de r\u00e9ceptions et f\u00eates. On le boira en ap\u00e9ritif ainsi qu\u2019avec des tartes aux fruits.<\/p>\n\n\n\n<p class=\"has-text-color has-link-color wp-elements-7f8a3c18e27d7a94940682721791b9e3\" style=\"color:#101074\"><strong>Cr\u00e9mant d\u2019Alsace Cuv\u00e9e<\/strong><\/p>\n\n\n\n<p>C\u2019est un Cr\u00e9mant d\u2019Alsace Brut 100% Chardonnay. Ce Cr\u00e9mant aux bulles fines et agr\u00e9ables d\u00e9veloppe des ar\u00f4mes brioch\u00e9s en bouche ainsi qu\u2019une grande fra\u00eecheur. Il peut accompagner des plats raffin\u00e9s ainsi que de grands poissons.<\/p>\n\n\n\n<figure class=\"wp-block-gallery has-nested-images columns-default is-cropped wp-block-gallery-1 is-layout-flex wp-block-gallery-is-layout-flex\">\n<figure class=\"wp-block-image size-large\"><img loading=\"lazy\" decoding=\"async\" width=\"1024\" height=\"683\" data-id=\"168\" src=\"https:\/\/domaine-anstotz.fr\/wp-content\/uploads\/2025\/12\/cremant-01-1024x683.jpg\" alt=\"\" class=\"wp-image-168\" srcset=\"http:\/\/domaine-anstotz.fr\/wp-content\/uploads\/2025\/12\/cremant-01-1024x683.jpg 1024w, http:\/\/domaine-anstotz.fr\/wp-content\/uploads\/2025\/12\/cremant-01-300x200.jpg 300w, http:\/\/domaine-anstotz.fr\/wp-content\/uploads\/2025\/12\/cremant-01-768x512.jpg 768w, http:\/\/domaine-anstotz.fr\/wp-content\/uploads\/2025\/12\/cremant-01-1536x1024.jpg 1536w, http:\/\/domaine-anstotz.fr\/wp-content\/uploads\/2025\/12\/cremant-01-272x182.jpg 272w, http:\/\/domaine-anstotz.fr\/wp-content\/uploads\/2025\/12\/cremant-01.jpg 1600w\" sizes=\"auto, (max-width: 1024px) 100vw, 1024px\" \/><\/figure>\n\n\n\n<figure class=\"wp-block-image size-large\"><img loading=\"lazy\" decoding=\"async\" width=\"1024\" height=\"683\" data-id=\"169\" src=\"https:\/\/domaine-anstotz.fr\/wp-content\/uploads\/2025\/12\/cremant-02-1-1024x683.jpg\" alt=\"\" class=\"wp-image-169\" srcset=\"http:\/\/domaine-anstotz.fr\/wp-content\/uploads\/2025\/12\/cremant-02-1-1024x683.jpg 1024w, http:\/\/domaine-anstotz.fr\/wp-content\/uploads\/2025\/12\/cremant-02-1-300x200.jpg 300w, http:\/\/domaine-anstotz.fr\/wp-content\/uploads\/2025\/12\/cremant-02-1-768x512.jpg 768w, http:\/\/domaine-anstotz.fr\/wp-content\/uploads\/2025\/12\/cremant-02-1-1536x1024.jpg 1536w, http:\/\/domaine-anstotz.fr\/wp-content\/uploads\/2025\/12\/cremant-02-1-272x182.jpg 272w, http:\/\/domaine-anstotz.fr\/wp-content\/uploads\/2025\/12\/cremant-02-1.jpg 1600w\" sizes=\"auto, (max-width: 1024px) 100vw, 1024px\" \/><\/figure>\n\n\n\n<figure class=\"wp-block-image size-large\"><img loading=\"lazy\" decoding=\"async\" width=\"1024\" height=\"683\" data-id=\"171\" src=\"https:\/\/domaine-anstotz.fr\/wp-content\/uploads\/2025\/12\/cremant-04-1024x683.jpg\" alt=\"\" class=\"wp-image-171\" srcset=\"http:\/\/domaine-anstotz.fr\/wp-content\/uploads\/2025\/12\/cremant-04-1024x683.jpg 1024w, http:\/\/domaine-anstotz.fr\/wp-content\/uploads\/2025\/12\/cremant-04-300x200.jpg 300w, http:\/\/domaine-anstotz.fr\/wp-content\/uploads\/2025\/12\/cremant-04-768x512.jpg 768w, http:\/\/domaine-anstotz.fr\/wp-content\/uploads\/2025\/12\/cremant-04-1536x1024.jpg 1536w, http:\/\/domaine-anstotz.fr\/wp-content\/uploads\/2025\/12\/cremant-04-272x182.jpg 272w, http:\/\/domaine-anstotz.fr\/wp-content\/uploads\/2025\/12\/cremant-04.jpg 1600w\" sizes=\"auto, (max-width: 1024px) 100vw, 1024px\" \/><\/figure>\n\n\n\n<figure class=\"wp-block-image size-large\"><img loading=\"lazy\" decoding=\"async\" width=\"1024\" height=\"683\" data-id=\"172\" src=\"https:\/\/domaine-anstotz.fr\/wp-content\/uploads\/2025\/12\/cremant-05-1024x683.jpg\" alt=\"\" class=\"wp-image-172\" srcset=\"http:\/\/domaine-anstotz.fr\/wp-content\/uploads\/2025\/12\/cremant-05-1024x683.jpg 1024w, http:\/\/domaine-anstotz.fr\/wp-content\/uploads\/2025\/12\/cremant-05-300x200.jpg 300w, http:\/\/domaine-anstotz.fr\/wp-content\/uploads\/2025\/12\/cremant-05-768x512.jpg 768w, http:\/\/domaine-anstotz.fr\/wp-content\/uploads\/2025\/12\/cremant-05-1536x1024.jpg 1536w, http:\/\/domaine-anstotz.fr\/wp-content\/uploads\/2025\/12\/cremant-05-272x182.jpg 272w, http:\/\/domaine-anstotz.fr\/wp-content\/uploads\/2025\/12\/cremant-05.jpg 1600w\" sizes=\"auto, (max-width: 1024px) 100vw, 1024px\" \/><\/figure>\n\n\n\n<figure class=\"wp-block-image size-large\"><img loading=\"lazy\" decoding=\"async\" width=\"1024\" height=\"683\" data-id=\"173\" src=\"https:\/\/domaine-anstotz.fr\/wp-content\/uploads\/2025\/12\/cremant-03-1024x683.jpg\" alt=\"\" class=\"wp-image-173\" srcset=\"http:\/\/domaine-anstotz.fr\/wp-content\/uploads\/2025\/12\/cremant-03-1024x683.jpg 1024w, http:\/\/domaine-anstotz.fr\/wp-content\/uploads\/2025\/12\/cremant-03-300x200.jpg 300w, http:\/\/domaine-anstotz.fr\/wp-content\/uploads\/2025\/12\/cremant-03-768x512.jpg 768w, http:\/\/domaine-anstotz.fr\/wp-content\/uploads\/2025\/12\/cremant-03-1536x1024.jpg 1536w, http:\/\/domaine-anstotz.fr\/wp-content\/uploads\/2025\/12\/cremant-03-272x182.jpg 272w, http:\/\/domaine-anstotz.fr\/wp-content\/uploads\/2025\/12\/cremant-03.jpg 1600w\" sizes=\"auto, (max-width: 1024px) 100vw, 1024px\" \/><\/figure>\n<\/figure>\n","protected":false},"excerpt":{"rendered":"<p>\u00ab&nbsp;Vins de f\u00eate vinifi\u00e9s en m\u00e9thode traditionnelle.&nbsp;\u00bb Cr\u00e9mant d\u2019Alsace C\u2019est un assemblage de trois c\u00e9pages&nbsp;: Le Pinot Blanc \u00e0 70 % qui constitue le corps de ce vin&nbsp;et la finesse des bulles, le Riesling \u00e0 20% qui conf\u00e8re la puissance en bouche et le Pinot Gris \u00e0 10% qui lui conf\u00e8re le fruit\u00e9 au nez.C\u2019est [&hellip;]<\/p>\n","protected":false},"author":1,"featured_media":0,"parent":0,"menu_order":0,"comment_status":"closed","ping_status":"closed","template":"page-templates\/page-full-width.php","meta":{"footnotes":""},"class_list":["post-17","page","type-page","status-publish","hentry"],"_links":{"self":[{"href":"http:\/\/domaine-anstotz.fr\/index.php\/wp-json\/wp\/v2\/pages\/17","targetHints":{"allow":["GET"]}}],"collection":[{"href":"http:\/\/domaine-anstotz.fr\/index.php\/wp-json\/wp\/v2\/pages"}],"about":[{"href":"http:\/\/domaine-anstotz.fr\/index.php\/wp-json\/wp\/v2\/types\/page"}],"author":[{"embeddable":true,"href":"http:\/\/domaine-anstotz.fr\/index.php\/wp-json\/wp\/v2\/users\/1"}],"replies":[{"embeddable":true,"href":"http:\/\/domaine-anstotz.fr\/index.php\/wp-json\/wp\/v2\/comments?post=17"}],"version-history":[{"count":2,"href":"http:\/\/domaine-anstotz.fr\/index.php\/wp-json\/wp\/v2\/pages\/17\/revisions"}],"predecessor-version":[{"id":174,"href":"http:\/\/domaine-anstotz.fr\/index.php\/wp-json\/wp\/v2\/pages\/17\/revisions\/174"}],"wp:attachment":[{"href":"http:\/\/domaine-anstotz.fr\/index.php\/wp-json\/wp\/v2\/media?parent=17"}],"curies":[{"name":"wp","href":"https:\/\/api.w.org\/{rel}","templated":true}]}}