{"id":19,"date":"2025-12-10T13:51:22","date_gmt":"2025-12-10T13:51:22","guid":{"rendered":"https:\/\/domaine-anstotz.fr\/?page_id=19"},"modified":"2025-12-11T09:25:38","modified_gmt":"2025-12-11T09:25:38","slug":"contact","status":"publish","type":"page","link":"http:\/\/domaine-anstotz.fr\/index.php\/contact\/","title":{"rendered":"CONTACT"},"content":{"rendered":"\n<div class=\"wp-block-columns is-layout-flex wp-container-core-columns-is-layout-9d6595d7 wp-block-columns-is-layout-flex\">\n<div class=\"wp-block-column is-layout-flow wp-block-column-is-layout-flow\" style=\"flex-basis:33.33%\">\n<figure class=\"wp-block-image size-full\"><img loading=\"lazy\" decoding=\"async\" width=\"512\" height=\"512\" src=\"https:\/\/domaine-anstotz.fr\/wp-content\/uploads\/2025\/12\/anstotz-512.png\" alt=\"\" class=\"wp-image-198\" srcset=\"http:\/\/domaine-anstotz.fr\/wp-content\/uploads\/2025\/12\/anstotz-512.png 512w, http:\/\/domaine-anstotz.fr\/wp-content\/uploads\/2025\/12\/anstotz-512-300x300.png 300w, http:\/\/domaine-anstotz.fr\/wp-content\/uploads\/2025\/12\/anstotz-512-150x150.png 150w\" sizes=\"auto, (max-width: 512px) 100vw, 512px\" \/><\/figure>\n<\/div>\n\n\n\n<div class=\"wp-block-column is-layout-flow wp-block-column-is-layout-flow\" style=\"flex-basis:66.66%\">\n<h2 class=\"wp-block-heading\"><strong>Domaine Anstotz et Fils \u2013&nbsp;Vignerons<\/strong><\/h2>\n\n\n\n<p>11 rue des Hirondelles<br>67310 Balbronn<\/p>\n\n\n\n<p><br><a href=\"http:\/\/www.domaine-anstotz.fr\/\">www.domaine-anstotz.fr<\/a><\/p>\n\n\n\n<p><br>T 03 88 50 30 55<\/p>\n\n\n\n<p><a href=\"https:\/\/domaine-anstotz.fr\/index.php\/privacy-policy\/\" data-type=\"page\" data-id=\"3\">Mentions l\u00e9gales et politique de confidentialit\u00e9.<\/a><\/p>\n\n\n\n<p>Tous les vins du domaine sont issus de l\u2019agriculture biologique.<\/p>\n<\/div>\n<\/div>\n\n\n\n<p class=\"has-text-color has-link-color wp-elements-6387fcfa16371d2bb3e964e3cb4ee7c4\" style=\"color:#101074\"><strong>Ouverture du Domaine au public<\/strong><\/p>\n\n\n\n<p>Du lundi au vendredi de 9h00 \u00e0 12h00 et de 13h30 \u00e0 18h00.<\/p>\n\n\n\n<p class=\"has-small-font-size\">Le samedi de 9h00 \u00e0 12h00 et de 13h30 \u00e0 17h00<\/p>\n\n\n\n<p>Dimanche et jour f\u00e9ri\u00e9s : sur rendez-vous.<\/p>\n\n\n\n<p class=\"has-text-color has-link-color wp-elements-cd1a36ff2be49f56d0cb17a45f413c84\" style=\"color:#101074\"><strong>Visite du Domaine pour groupes avec d\u00e9gustation et organisation d&#8217;\u00e9v\u00e9nements<\/strong><\/p>\n\n\n\n<p>Uniquement sur rendez-vous avec les exploitants et sur devis.<\/p>\n\n\n\n<p class=\"has-text-color has-link-color wp-elements-51f04d37c0643a183768caf164100d80\" style=\"color:#101074\"><strong>Distributeurs sur la r\u00e9gion Alsace<\/strong><\/p>\n\n\n\n<p><strong>Strasbourg<\/strong> : Magasin de producteurs,&nbsp;<strong>La nouvelle douane<\/strong>, 1a rue du vieux march\u00e9 aux poissons \u00e0 Strasbourg :&nbsp;<a href=\"http:\/\/w.lanouvelledouane.com\/\">www.lanouvelledouane.com<\/a><\/p>\n\n\n\n<p><strong>Vall\u00e9e de la Bruche<\/strong> : Magasin de producteurs,<strong>&nbsp;Pr\u00e9 d\u2019ici<\/strong>&nbsp;, 90B grande rue \u00e0 Wisches :&nbsp;<a href=\"http:\/\/pre-dici.fr\/\">www.pre-dici.fr<\/a><\/p>\n\n\n\n<p><strong>Strasbourg et Vendenheim<\/strong> : Caviste&nbsp;<strong>Au mill\u00e9sime<\/strong>, 7 rue du temple neuf \u00e0 Strasbourg et 4 rue transversale B \u00e0 Vendenheim :&nbsp;<a href=\"https:\/\/www.aumillesime.com\/\">www.aumillesime.com<\/a><\/p>\n\n\n<div id=\"pl-gb19-69f18d24b94df\"  class=\"panel-layout\" ><div id=\"pg-gb19-69f18d24b94df-0\"  class=\"panel-grid panel-no-style\" ><div id=\"pgc-gb19-69f18d24b94df-0-0\"  class=\"panel-grid-cell\" ><div id=\"panel-gb19-69f18d24b94df-0-0-0\" class=\"so-panel widget widget_sow-contact-form panel-first-child panel-last-child widgetopts-SO\" data-index=\"0\" ><div\n\t\t\t\n\t\t\tclass=\"so-widget-sow-contact-form so-widget-sow-contact-form-default-7cfb1766dc45-19\"\n\t\t\t\n\t\t><h3 class=\"widget-title\">Pour vos demandes d&#8217;informations, compl\u00e9tez le formulaire de contact.<\/h3>\t<form\n\t\taction=\"\/index.php\/wp-json\/wp\/v2\/pages\/19\"\n\t\tmethod=\"POST\"\n\t\tclass=\"sow-contact-form\"\n\t\tid=\"contact-form-0047\"\n\t>\n\n\t\t\n\t\t\t\t\t<div class=\"sow-form-field sow-form-field-name\">\n\t\t\t\t<label class=\"sow-form-field-label-above\" for=\"sow-contact-form-field-votre-nom-1\">\n\t\t\t\t<strong>\n\t\t\t\t\tVotre nom\t\t\t\t\t\t\t\t\t<\/strong>\n\t\t\t<\/label>\n\t\t\t\t\t\t\t<div class=\"sow-field-container\">\n\t\t\t\t\t\t\t<input\n\t\t\ttype=\"text\"\n\t\t\tname=\"votre-nom-1\"\n\t\t\tid=\"sow-contact-form-field-votre-nom-1\"\n\t\t\tvalue=\"\"\n\t\t\tclass=\"sow-text-field\"\n\t\t\t\t\t\t\t\t\/>\n\t\t\t\t\t\t<\/div>\n\t\t\t\t\t\t\t<\/div>\n\t\t\t\t\t\t<div class=\"sow-form-field sow-form-field-email\">\n\t\t\t\t<label class=\"sow-form-field-label-above\" for=\"sow-contact-form-field-votre-adresse-de-messagerie-1\">\n\t\t\t\t<strong>\n\t\t\t\t\tVotre adresse de messagerie\t\t\t\t\t\t\t\t\t<\/strong>\n\t\t\t<\/label>\n\t\t\t\t\t\t\t<div class=\"sow-field-container\">\n\t\t\t\t\t\t\t<input\n\t\t\ttype=\"email\"\n\t\t\tname=\"votre-adresse-de-messagerie-1\"\n\t\t\tid=\"sow-contact-form-field-votre-adresse-de-messagerie-1\"\n\t\t\tvalue=\"\"\n\t\t\tclass=\"sow-text-field\"\t\t\t\t\t\t\t\t\/>\n\t\t\t\t\t\t<\/div>\n\t\t\t\t\t\t\t<\/div>\n\t\t\t\t\t\t<div class=\"sow-form-field sow-form-field-subject\">\n\t\t\t\t<label class=\"sow-form-field-label-above\" for=\"sow-contact-form-field-sujet-1\">\n\t\t\t\t<strong>\n\t\t\t\t\tSujet\t\t\t\t\t\t\t\t\t<\/strong>\n\t\t\t<\/label>\n\t\t\t\t\t\t\t<div class=\"sow-field-container\">\n\t\t\t\t\t\t\t<input\n\t\t\ttype=\"text\"\n\t\t\tname=\"sujet-1\"\n\t\t\tid=\"sow-contact-form-field-sujet-1\"\n\t\t\tvalue=\"\"\n\t\t\tclass=\"sow-text-field\"\n\t\t\t\t\t\t\t\t\/>\n\t\t\t\t\t\t<\/div>\n\t\t\t\t\t\t\t<\/div>\n\t\t\t\t\t\t<div class=\"sow-form-field sow-form-field-textarea\">\n\t\t\t\t<label class=\"sow-form-field-label-above\" for=\"sow-contact-form-field-message-1\">\n\t\t\t\t<strong>\n\t\t\t\t\tMessage\t\t\t\t\t\t\t\t\t<\/strong>\n\t\t\t<\/label>\n\t\t\t\t\t\t\t<div class=\"sow-field-container\">\n\t\t\t\t\t\t\t<textarea\n\t\t\tname=\"message-1\"\n\t\t\tid=\"sow-contact-form-field-message-1\"\n\t\t\trows=\"10\"\n\t\t\t\t\t\t\t\t><\/textarea>\n\t\t\t\t\t\t<\/div>\n\t\t\t\t\t\t\t<\/div>\n\t\t\t\t\t\t<input\n\t\t\t\ttype=\"text\"\n\t\t\t\tname=\"sow-name\"\n\t\t\t\tclass=\"sow-text-field\"\n\t\t\t\tstyle=\"display: none !important; visibility: hidden !important;\"\n\t\t\t\tautocomplete=\"off\"\n\t\t\t\taria-hidden=\"true\"\n\t\t\t>\n\t\t\n\t\t\t\t\t<div class=\"sow-recaptcha\"\n\t\t\t\t\t\t\t\t\tdata-config=\"{&quot;sitekey&quot;:&quot;6LenMigsAAAAAOOn2FJ8u_cjAzkFycKQe9tITBuW&quot;,&quot;theme&quot;:&quot;light&quot;,&quot;type&quot;:&quot;image&quot;,&quot;size&quot;:&quot;normal&quot;}\"\n\t\t\t\t\t\t\t><\/div>\n\t\t\t\n\t\t<div class=\"sow-submit-wrapper \n\t\tsow-submit-styled\t\t\">\n\n\t\t\t<button\n\t\t\t\ttype=\"submit\"\n\t\t\t\tclass=\"sow-submit\n\t\t\t\t\t\t\t\t\"\n\t\t\t\tdata-js-key=\"c4ca4238a0b923820dcc509a6f75849b\" \t\t\t>\n\t\t\t\tContactez-nous\t\t\t<\/button>\n\t\t<\/div>\n\t\t\t\t<input\n\t\t\ttype=\"hidden\"\n\t\t\tname=\"instance_hash-1\"\n\t\t\tvalue=\"0047d330\"\n\t\t\/>\n\n\t\t<input type=\"hidden\" id=\"_wpnonce\" name=\"_wpnonce\" value=\"9f84274924\" \/><input type=\"hidden\" name=\"_wp_http_referer\" value=\"\/index.php\/wp-json\/wp\/v2\/pages\/19\" \/>\t<\/form>\n\t<\/div><\/div><\/div><\/div><\/div>","protected":false},"excerpt":{"rendered":"<p>Domaine Anstotz et Fils \u2013&nbsp;Vignerons 11 rue des Hirondelles67310 Balbronn www.domaine-anstotz.fr T 03 88 50 30 55 Mentions l\u00e9gales et politique de confidentialit\u00e9. Tous les vins du domaine sont issus de l\u2019agriculture biologique. Ouverture du Domaine au public Du lundi au vendredi de 9h00 \u00e0 12h00 et de 13h30 \u00e0 18h00. Le samedi de 9h00 [&hellip;]<\/p>\n","protected":false},"author":1,"featured_media":0,"parent":0,"menu_order":0,"comment_status":"closed","ping_status":"closed","template":"page-templates\/page-full-width.php","meta":{"footnotes":""},"class_list":["post-19","page","type-page","status-publish","hentry"],"_links":{"self":[{"href":"http:\/\/domaine-anstotz.fr\/index.php\/wp-json\/wp\/v2\/pages\/19","targetHints":{"allow":["GET"]}}],"collection":[{"href":"http:\/\/domaine-anstotz.fr\/index.php\/wp-json\/wp\/v2\/pages"}],"about":[{"href":"http:\/\/domaine-anstotz.fr\/index.php\/wp-json\/wp\/v2\/types\/page"}],"author":[{"embeddable":true,"href":"http:\/\/domaine-anstotz.fr\/index.php\/wp-json\/wp\/v2\/users\/1"}],"replies":[{"embeddable":true,"href":"http:\/\/domaine-anstotz.fr\/index.php\/wp-json\/wp\/v2\/comments?post=19"}],"version-history":[{"count":13,"href":"http:\/\/domaine-anstotz.fr\/index.php\/wp-json\/wp\/v2\/pages\/19\/revisions"}],"predecessor-version":[{"id":211,"href":"http:\/\/domaine-anstotz.fr\/index.php\/wp-json\/wp\/v2\/pages\/19\/revisions\/211"}],"wp:attachment":[{"href":"http:\/\/domaine-anstotz.fr\/index.php\/wp-json\/wp\/v2\/media?parent=19"}],"curies":[{"name":"wp","href":"https:\/\/api.w.org\/{rel}","templated":true}]}}